{"id":2131,"date":"2023-11-24T16:18:02","date_gmt":"2023-11-24T16:18:02","guid":{"rendered":"https:\/\/reinhartfoods.com\/?page_id=2131"},"modified":"2024-01-10T20:12:20","modified_gmt":"2024-01-10T20:12:20","slug":"daltons","status":"publish","type":"page","link":"https:\/\/reinhartfoods.com\/fr\/daltons\/","title":{"rendered":"Our Brands #2 #2"},"content":{"rendered":"\t\t<div data-elementor-type=\"wp-page\" data-elementor-id=\"2131\" class=\"elementor elementor-2131\" data-elementor-post-type=\"page\">\n\t\t\t\t<div class=\"elementor-element elementor-element-41b8d95 elementor-hidden-desktop e-flex e-con-boxed parallax_section_no qode_elementor_container_no e-con e-parent\" data-id=\"41b8d95\" data-element_type=\"container\" data-e-type=\"container\">\n\t\t\t\t\t<div class=\"e-con-inner\">\n\t\t\t\t<div class=\"elementor-element elementor-element-0416fdd pageh1 elementor-widget__width-initial elementor-widget elementor-widget-heading\" data-id=\"0416fdd\" data-element_type=\"widget\" data-e-type=\"widget\" data-widget_type=\"heading.default\">\n\t\t\t\t<div class=\"elementor-widget-container\">\n\t\t\t\t\t<h1 class=\"elementor-heading-title elementor-size-default\">Daltons<sup>\u00ae<\/sup><\/h1>\t\t\t\t<\/div>\n\t\t\t\t<\/div>\n\t\t\t\t\t<\/div>\n\t\t\t\t<\/div>\n\t\t<div class=\"elementor-element elementor-element-52626f7 e-con-full e-flex parallax_section_no qode_elementor_container_no e-con e-parent\" data-id=\"52626f7\" data-element_type=\"container\" data-e-type=\"container\">\n\t\t<div class=\"elementor-element elementor-element-af894a0 e-con-full e-flex parallax_section_no qode_elementor_container_no e-con e-child\" data-id=\"af894a0\" data-element_type=\"container\" data-e-type=\"container\">\n\t\t\t\t<div class=\"elementor-element elementor-element-d118c0c elementor-widget elementor-widget-image\" data-id=\"d118c0c\" data-element_type=\"widget\" data-e-type=\"widget\" data-widget_type=\"image.default\">\n\t\t\t\t<div class=\"elementor-widget-container\">\n\t\t\t\t\t\t\t\t\t\t\t\t\t\t\t<img fetchpriority=\"high\" decoding=\"async\" width=\"720\" height=\"718\" src=\"https:\/\/reinhartfoods.com\/wp-content\/uploads\/2023\/11\/daltons-pic.jpg\" class=\"attachment-large size-large wp-image-2133\" alt=\"\" srcset=\"https:\/\/reinhartfoods.com\/wp-content\/uploads\/2023\/11\/daltons-pic.jpg 720w, https:\/\/reinhartfoods.com\/wp-content\/uploads\/2023\/11\/daltons-pic-300x300.jpg 300w, https:\/\/reinhartfoods.com\/wp-content\/uploads\/2023\/11\/daltons-pic-150x150.jpg 150w, https:\/\/reinhartfoods.com\/wp-content\/uploads\/2023\/11\/daltons-pic-500x500.jpg 500w, https:\/\/reinhartfoods.com\/wp-content\/uploads\/2023\/11\/daltons-pic-700x698.jpg 700w\" sizes=\"(max-width: 720px) 100vw, 720px\" \/>\t\t\t\t\t\t\t\t\t\t\t\t\t\t\t<\/div>\n\t\t\t\t<\/div>\n\t\t\t\t<\/div>\n\t\t<div class=\"elementor-element elementor-element-a390b62 e-con-full e-flex parallax_section_no qode_elementor_container_no e-con e-child\" data-id=\"a390b62\" data-element_type=\"container\" data-e-type=\"container\">\n\t\t\t\t<div class=\"elementor-element elementor-element-4bab4c6 pageh1 elementor-widget__width-initial elementor-hidden-tablet elementor-hidden-mobile elementor-widget elementor-widget-heading\" data-id=\"4bab4c6\" data-element_type=\"widget\" data-e-type=\"widget\" data-widget_type=\"heading.default\">\n\t\t\t\t<div class=\"elementor-widget-container\">\n\t\t\t\t\t<h1 class=\"elementor-heading-title elementor-size-default\">Daltons<sup>\u00ae<\/sup><\/h1>\t\t\t\t<\/div>\n\t\t\t\t<\/div>\n\t\t<div class=\"elementor-element elementor-element-6410372 redbar e-flex e-con-boxed parallax_section_no qode_elementor_container_no e-con e-child\" data-id=\"6410372\" data-element_type=\"container\" data-e-type=\"container\">\n\t\t\t\t\t<div class=\"e-con-inner\">\n\t\t\t\t<div class=\"elementor-element elementor-element-1ea5610 elementor-widget elementor-widget-text-editor\" data-id=\"1ea5610\" data-element_type=\"widget\" data-e-type=\"widget\" data-widget_type=\"text-editor.default\">\n\t\t\t\t<div class=\"elementor-widget-container\">\n\t\t\t\t\t\t\t\t\t<div class=\"vl\"><\/div>\t\t\t\t\t\t\t\t<\/div>\n\t\t\t\t<\/div>\n\t\t\t\t<div class=\"elementor-element elementor-element-55f1f53 redbar elementor-widget__width-initial elementor-widget elementor-widget-text-editor\" data-id=\"55f1f53\" data-element_type=\"widget\" data-e-type=\"widget\" data-widget_type=\"text-editor.default\">\n\t\t\t\t<div class=\"elementor-widget-container\">\n\t\t\t\t\t\t\t\t\t\n<p class=\"redball\"><strong>Depuis 1834, nous sommes fiers de fabriquer les cerises au marasquin et les fruits glac\u00e9s Daltons. <\/strong>Nous adorons cuisiner et contribuer \u00e0 c\u00e9l\u00e9brer les f\u00eates et les occasions sp\u00e9ciales. Qu&rsquo;il s&rsquo;agisse de p\u00e2tisseries traditionnelles pour les f\u00eates, d&rsquo;une garniture amusante pour votre dessert pr\u00e9f\u00e9r\u00e9 ou d&rsquo;un ajout color\u00e9 pour votre cocktail!<\/p>\n\t\t\t\t\t\t\t\t<\/div>\n\t\t\t\t<\/div>\n\t\t\t\t<div class=\"elementor-element elementor-element-0758ca7 pageh1 elementor-widget__width-initial elementor-widget elementor-widget-heading\" data-id=\"0758ca7\" data-element_type=\"widget\" data-e-type=\"widget\" data-widget_type=\"heading.default\">\n\t\t\t\t<div class=\"elementor-widget-container\">\n\t\t\t\t\t<h1 class=\"elementor-heading-title elementor-size-default\">\nDaltons<sup>\u00ae<\/sup> Cerises au marasquin \n<\/h1>\t\t\t\t<\/div>\n\t\t\t\t<\/div>\n\t\t\t\t<div class=\"elementor-element elementor-element-47746c8 redbar elementor-widget__width-initial elementor-widget elementor-widget-text-editor\" data-id=\"47746c8\" data-element_type=\"widget\" data-e-type=\"widget\" data-widget_type=\"text-editor.default\">\n\t\t\t\t<div class=\"elementor-widget-container\">\n\t\t\t\t\t\t\t\t\t\n<p class=\"redball\">Cerises au marasquin<\/p>\n<p class=\"redball\">Cerises \u00e0 cocktail avec tiges<\/p>\n<p class=\"redball\">Cerises au marasquin sans ar\u00f4mes ni colorants artificiels<\/p>\n\t\t\t\t\t\t\t\t<\/div>\n\t\t\t\t<\/div>\n\t\t\t\t<div class=\"elementor-element elementor-element-360243e brandspic elementor-widget__width-inherit elementor-widget elementor-widget-image\" data-id=\"360243e\" data-element_type=\"widget\" data-e-type=\"widget\" data-widget_type=\"image.default\">\n\t\t\t\t<div class=\"elementor-widget-container\">\n\t\t\t\t\t\t\t\t\t\t\t\t\t\t\t<img decoding=\"async\" width=\"674\" height=\"412\" src=\"https:\/\/reinhartfoods.com\/wp-content\/uploads\/2023\/11\/daltons-cherries.png\" class=\"attachment-full size-full wp-image-2134\" alt=\"\" srcset=\"https:\/\/reinhartfoods.com\/wp-content\/uploads\/2023\/11\/daltons-cherries.png 674w, https:\/\/reinhartfoods.com\/wp-content\/uploads\/2023\/11\/daltons-cherries-300x183.png 300w, https:\/\/reinhartfoods.com\/wp-content\/uploads\/2023\/11\/daltons-cherries-150x92.png 150w\" sizes=\"(max-width: 674px) 100vw, 674px\" \/>\t\t\t\t\t\t\t\t\t\t\t\t\t\t\t<\/div>\n\t\t\t\t<\/div>\n\t\t\t\t<div class=\"elementor-element elementor-element-3b1f5bb elementor-widget elementor-widget-button\" data-id=\"3b1f5bb\" data-element_type=\"widget\" data-e-type=\"widget\" data-widget_type=\"button.default\">\n\t\t\t\t<div class=\"elementor-widget-container\">\n\t\t\t\t\t\t\t\t\t<div class=\"elementor-button-wrapper\">\n\t\t\t\t\t<a class=\"elementor-button elementor-button-link elementor-size-sm\" href=\"https:\/\/reinhartfoods.com\/quick-desserts-and-baking-ideas\/\">\n\t\t\t\t\t\t<span class=\"elementor-button-content-wrapper\">\n\t\t\t\t\t\t\t\t\t<span class=\"elementor-button-text\">D\u00e9couvrez les conseils du pro de la cuisson<\/span>\n\t\t\t\t\t<\/span>\n\t\t\t\t\t<\/a>\n\t\t\t\t<\/div>\n\t\t\t\t\t\t\t\t<\/div>\n\t\t\t\t<\/div>\n\t\t\t\t<div class=\"elementor-element elementor-element-f42a9dd pageh1 elementor-widget__width-initial elementor-widget elementor-widget-heading\" data-id=\"f42a9dd\" data-element_type=\"widget\" data-e-type=\"widget\" data-widget_type=\"heading.default\">\n\t\t\t\t<div class=\"elementor-widget-container\">\n\t\t\t\t\t<h1 class=\"elementor-heading-title elementor-size-default\">\nDaltons<sup>\u00ae<\/sup> Fruits glac\u00e9s  \n<\/h1>\t\t\t\t<\/div>\n\t\t\t\t<\/div>\n\t\t\t\t<div class=\"elementor-element elementor-element-a4a270a redbar elementor-widget__width-initial elementor-widget elementor-widget-text-editor\" data-id=\"a4a270a\" data-element_type=\"widget\" data-e-type=\"widget\" data-widget_type=\"text-editor.default\">\n\t\t\t\t<div class=\"elementor-widget-container\">\n\t\t\t\t\t\t\t\t\t\n<p class=\"redball\">Cerises rouges glac\u00e9es<\/p>\n<p class=\"redball\">Cerises vertes glac\u00e9es<\/p>\n<p class=\"redball\">M\u00e9lange de cerises rouges et vertes glac\u00e9es<\/p>\n<p class=\"redball\">M\u00e9lange de fruits de luxe<\/p>\n<p class=\"redball\">M\u00e9lange glac\u00e9<\/p>\n<p class=\"redball\">M\u00e9lange de pelures coup\u00e9es<\/p> \n\t\t\t\t\t\t\t\t<\/div>\n\t\t\t\t<\/div>\n\t\t\t\t\t<\/div>\n\t\t\t\t<\/div>\n\t\t\t\t<div class=\"elementor-element elementor-element-6d9a8bc brandspic elementor-widget__width-inherit elementor-widget elementor-widget-image\" data-id=\"6d9a8bc\" data-element_type=\"widget\" data-e-type=\"widget\" data-widget_type=\"image.default\">\n\t\t\t\t<div class=\"elementor-widget-container\">\n\t\t\t\t\t\t\t\t\t\t\t\t\t\t\t<img decoding=\"async\" width=\"693\" height=\"481\" src=\"https:\/\/reinhartfoods.com\/wp-content\/uploads\/2023\/11\/daltons-glace-fruit.png\" class=\"attachment-full size-full wp-image-2148\" alt=\"\" srcset=\"https:\/\/reinhartfoods.com\/wp-content\/uploads\/2023\/11\/daltons-glace-fruit.png 693w, https:\/\/reinhartfoods.com\/wp-content\/uploads\/2023\/11\/daltons-glace-fruit-300x208.png 300w, https:\/\/reinhartfoods.com\/wp-content\/uploads\/2023\/11\/daltons-glace-fruit-150x104.png 150w\" sizes=\"(max-width: 693px) 100vw, 693px\" \/>\t\t\t\t\t\t\t\t\t\t\t\t\t\t\t<\/div>\n\t\t\t\t<\/div>\n\t\t\t\t<div class=\"elementor-element elementor-element-4ef258d elementor-widget elementor-widget-button\" data-id=\"4ef258d\" data-element_type=\"widget\" data-e-type=\"widget\" data-widget_type=\"button.default\">\n\t\t\t\t<div class=\"elementor-widget-container\">\n\t\t\t\t\t\t\t\t\t<div class=\"elementor-button-wrapper\">\n\t\t\t\t\t<a class=\"elementor-button elementor-button-link elementor-size-sm\" href=\"https:\/\/reinhartfoods.com\/quick-desserts-and-baking-ideas\/\">\n\t\t\t\t\t\t<span class=\"elementor-button-content-wrapper\">\n\t\t\t\t\t\t\t\t\t<span class=\"elementor-button-text\">D\u00e9couvrez les conseils du pro de la cuisson<\/span>\n\t\t\t\t\t<\/span>\n\t\t\t\t\t<\/a>\n\t\t\t\t<\/div>\n\t\t\t\t\t\t\t\t<\/div>\n\t\t\t\t<\/div>\n\t\t\t\t<\/div>\n\t\t\t\t<\/div>\n\t\t\t\t<\/div>\n\t\t","protected":false},"excerpt":{"rendered":"<p>Daltons\u00ae Daltons\u00ae Depuis 1834, nous sommes fiers de fabriquer les cerises au marasquin et les fruits glac\u00e9s Daltons. Nous adorons cuisiner et contribuer \u00e0 c\u00e9l\u00e9brer les f\u00eates et les occasions sp\u00e9ciales. Qu&rsquo;il s&rsquo;agisse de p\u00e2tisseries traditionnelles pour les f\u00eates, d&rsquo;une garniture amusante pour votre dessert&#8230;<\/p>\n","protected":false},"author":1,"featured_media":0,"parent":0,"menu_order":0,"comment_status":"closed","ping_status":"closed","template":"elementor_header_footer","meta":{"content-type":"","om_disable_all_campaigns":false,"footnotes":""},"class_list":["post-2131","page","type-page","status-publish","hentry"],"_links":{"self":[{"href":"https:\/\/reinhartfoods.com\/fr\/wp-json\/wp\/v2\/pages\/2131","targetHints":{"allow":["GET"]}}],"collection":[{"href":"https:\/\/reinhartfoods.com\/fr\/wp-json\/wp\/v2\/pages"}],"about":[{"href":"https:\/\/reinhartfoods.com\/fr\/wp-json\/wp\/v2\/types\/page"}],"author":[{"embeddable":true,"href":"https:\/\/reinhartfoods.com\/fr\/wp-json\/wp\/v2\/users\/1"}],"replies":[{"embeddable":true,"href":"https:\/\/reinhartfoods.com\/fr\/wp-json\/wp\/v2\/comments?post=2131"}],"version-history":[{"count":220,"href":"https:\/\/reinhartfoods.com\/fr\/wp-json\/wp\/v2\/pages\/2131\/revisions"}],"predecessor-version":[{"id":6536,"href":"https:\/\/reinhartfoods.com\/fr\/wp-json\/wp\/v2\/pages\/2131\/revisions\/6536"}],"wp:attachment":[{"href":"https:\/\/reinhartfoods.com\/fr\/wp-json\/wp\/v2\/media?parent=2131"}],"curies":[{"name":"wp","href":"https:\/\/api.w.org\/{rel}","templated":true}]}}