{"id":2173,"date":"2023-11-24T16:47:54","date_gmt":"2023-11-24T16:47:54","guid":{"rendered":"https:\/\/reinhartfoods.com\/?page_id=2173"},"modified":"2024-01-12T16:10:26","modified_gmt":"2024-01-12T16:10:26","slug":"vinegar-versatility","status":"publish","type":"page","link":"https:\/\/reinhartfoods.com\/fr\/vinegar-versatility\/","title":{"rendered":"Our Brands #2 #3 #2"},"content":{"rendered":"\t\t<div data-elementor-type=\"wp-page\" data-elementor-id=\"2173\" class=\"elementor elementor-2173\" data-elementor-post-type=\"page\">\n\t\t\t\t<div class=\"elementor-element elementor-element-52626f7 e-con-full e-flex parallax_section_no qode_elementor_container_no e-con e-parent\" data-id=\"52626f7\" data-element_type=\"container\">\n\t\t<div class=\"elementor-element elementor-element-af894a0 e-con-full e-flex parallax_section_no qode_elementor_container_no e-con e-child\" data-id=\"af894a0\" data-element_type=\"container\">\n\t\t\t\t<div class=\"elementor-element elementor-element-fccfbfb elementor-widget elementor-widget-image\" data-id=\"fccfbfb\" data-element_type=\"widget\" data-widget_type=\"image.default\">\n\t\t\t\t<div class=\"elementor-widget-container\">\n\t\t\t\t\t\t\t\t\t\t\t\t\t\t\t<img fetchpriority=\"high\" decoding=\"async\" width=\"721\" height=\"910\" src=\"https:\/\/reinhartfoods.com\/wp-content\/uploads\/2024\/01\/vinegar-versatility.jpg\" class=\"attachment-large size-large wp-image-6076\" alt=\"\" srcset=\"https:\/\/reinhartfoods.com\/wp-content\/uploads\/2024\/01\/vinegar-versatility.jpg 721w, https:\/\/reinhartfoods.com\/wp-content\/uploads\/2024\/01\/vinegar-versatility-238x300.jpg 238w, https:\/\/reinhartfoods.com\/wp-content\/uploads\/2024\/01\/vinegar-versatility-119x150.jpg 119w, https:\/\/reinhartfoods.com\/wp-content\/uploads\/2024\/01\/vinegar-versatility-700x883.jpg 700w\" sizes=\"(max-width: 721px) 100vw, 721px\" \/>\t\t\t\t\t\t\t\t\t\t\t\t\t\t\t<\/div>\n\t\t\t\t<\/div>\n\t\t\t\t<\/div>\n\t\t<div class=\"elementor-element elementor-element-a390b62 e-con-full e-flex parallax_section_no qode_elementor_container_no e-con e-child\" data-id=\"a390b62\" data-element_type=\"container\">\n\t\t\t\t<div class=\"elementor-element elementor-element-0416fdd pageh1 elementor-widget__width-initial elementor-widget elementor-widget-heading\" data-id=\"0416fdd\" data-element_type=\"widget\" data-widget_type=\"heading.default\">\n\t\t\t\t<div class=\"elementor-widget-container\">\n\t\t\t\t\t<h1 class=\"elementor-heading-title elementor-size-default\">La polyvalence du vinaigre<\/h1>\t\t\t\t<\/div>\n\t\t\t\t<\/div>\n\t\t\t\t<div class=\"elementor-element elementor-element-9d35334 elementor-widget elementor-widget-text-editor\" data-id=\"9d35334\" data-element_type=\"widget\" data-widget_type=\"text-editor.default\">\n\t\t\t\t<div class=\"elementor-widget-container\">\n\t\t\t\t\t\t\t\t\t\n<p><strong>Le vinaigre est unique.<\/strong> Avec tous ses effets b\u00e9n\u00e9fiques pour la sant\u00e9, il est utilis\u00e9 et appr\u00e9ci\u00e9 depuis les plus anciens temps. Le vinaigre est une substance complexe qui regorge de saveurs et d&rsquo;ar\u00f4mes subtils et qui contient un assortiment de nutriments, d&rsquo;enzymes, d&rsquo;oligo-\u00e9l\u00e9ments et de min\u00e9raux.<\/p>\n\n<p>La demande est \u00e0 la hausse, tant pour des raisons de sant\u00e9 que pour des raisons de technologie alimentaire. Des centaines d&rsquo;aliments utilisent les qualit\u00e9s uniques de conservation et gustatives du vinaigre.<\/p>\n\n<p>Le vinaigre intensifie la saveur des aliments sans dominer leurs qualit\u00e9s naturelles et leurs sensations gustatives.<\/p>\n<p>Il peut \u00eatre subtil et d\u00e9licat ou cors\u00e9 et robuste. Apprenez \u00e0 conna\u00eetre les qualit\u00e9s et les caract\u00e9ristiques particuli\u00e8res de chaque type de vinaigre et d\u00e9couvrez comment cet ingr\u00e9dient peut devenir votre incontournable.<\/p>\n\t\t\t\t\t\t\t\t<\/div>\n\t\t\t\t<\/div>\n\t\t<div class=\"elementor-element elementor-element-6410372 redbar e-flex e-con-boxed parallax_section_no qode_elementor_container_no e-con e-child\" data-id=\"6410372\" data-element_type=\"container\">\n\t\t\t\t\t<div class=\"e-con-inner\">\n\t\t\t\t<div class=\"elementor-element elementor-element-de3df02 pageh1 elementor-widget__width-initial elementor-widget elementor-widget-heading\" data-id=\"de3df02\" data-element_type=\"widget\" data-widget_type=\"heading.default\">\n\t\t\t\t<div class=\"elementor-widget-container\">\n\t\t\t\t\t<h1 class=\"elementor-heading-title elementor-size-default\">Utilisations g\u00e9n\u00e9rales<\/h1>\t\t\t\t<\/div>\n\t\t\t\t<\/div>\n\t\t\t\t<div class=\"elementor-element elementor-element-1ea5610 elementor-widget elementor-widget-text-editor\" data-id=\"1ea5610\" data-element_type=\"widget\" data-widget_type=\"text-editor.default\">\n\t\t\t\t<div class=\"elementor-widget-container\">\n\t\t\t\t\t\t\t\t\t<div class=\"vl\" style=\"margin-top: -30px;\"><\/div>\t\t\t\t\t\t\t\t<\/div>\n\t\t\t\t<\/div>\n\t\t\t\t<div class=\"elementor-element elementor-element-55f1f53 redbar elementor-widget__width-initial elementor-widget elementor-widget-text-editor\" data-id=\"55f1f53\" data-element_type=\"widget\" data-widget_type=\"text-editor.default\">\n\t\t\t\t<div class=\"elementor-widget-container\">\n\t\t\t\t\t\t\t\t\t\n<p class=\"redball\">Ingr\u00e9dient pour les vinaigrettes, les salades, les sauces, les moutardes, le ketchup et la mayonnaise.<\/p>\n<p class=\"redball\">Pour la marinade et la conservation des l\u00e9gumes.<\/p>\n<p class=\"redball\">Dans les produits de boulangerie, les pains et les desserts.<\/p>\n<p class=\"redball\">Dans la fabrication de produits \u00e0 base de tomates et de fromage.<\/p>\n<p class=\"redball\">Comme nettoyant naturel pour la maison.<\/p>\n\n<h1 class=\"pageh1 vinegarh1\">Conseils de cuisson avec le vinaigre blanc<\/h1>\t\t\t\t\t\t\t\t<\/div>\n\t\t\t\t<\/div>\n\t\t\t\t<div class=\"elementor-element elementor-element-d432c05 redbar elementor-widget__width-initial elementor-widget elementor-widget-text-editor\" data-id=\"d432c05\" data-element_type=\"widget\" data-widget_type=\"text-editor.default\">\n\t\t\t\t<div class=\"elementor-widget-container\">\n\t\t\t\t\t\t\t\t\t\n<p class=\"redball\">Pour rendre les p\u00e2tes moins collantes et r\u00e9duire une partie de leur amidon, il suffit d&rsquo;ajouter un filet de vinaigre blanc \u00e0 l&rsquo;eau pendant la cuisson.<\/p>\n<p class=\"redball\">Faites tremper les l\u00e9gumes fl\u00e9tris dans de l&rsquo;eau froide et ajoutez une ou deux cuill\u00e8res de vinaigre blanc et voyez-les se rafra\u00eechir.<\/p>\n\n<h1 class=\"pageh1 vinegarh1\">Dur\u00e9e de vie du produit<\/h1>\t\t\t\t\t\t\t\t<\/div>\n\t\t\t\t<\/div>\n\t\t\t\t<div class=\"elementor-element elementor-element-77f6f16 elementor-widget__width-initial redbar elementor-widget elementor-widget-text-editor\" data-id=\"77f6f16\" data-element_type=\"widget\" data-widget_type=\"text-editor.default\">\n\t\t\t\t<div class=\"elementor-widget-container\">\n\t\t\t\t\t\t\t\t\t\n<p class=\"redball\">Les r\u00e9cipients en bouteille non ouverts de vinaigre blanc doivent conserver les qualit\u00e9s sp\u00e9cifi\u00e9es pendant 5 ans et de 2 ans pour les vinaigres de fruits.<\/p>\n\n<h1 class=\"pageh1 vinegarh1\">Qu&rsquo;est-ce que la \u00ab m\u00e8re de vinaigre \u00bb?<\/h1>\t\t\t\t\t\t\t\t<\/div>\n\t\t\t\t<\/div>\n\t\t\t\t<div class=\"elementor-element elementor-element-31b7bd9 redbar elementor-widget__width-initial elementor-widget elementor-widget-text-editor\" data-id=\"31b7bd9\" data-element_type=\"widget\" data-widget_type=\"text-editor.default\">\n\t\t\t\t<div class=\"elementor-widget-container\">\n\t\t\t\t\t\t\t\t\t<p class=\"redball\">La \u00ab m\u00e8re de vinaigre \u00bb est naturellement pr\u00e9sente dans les produits \u00e0 base de vinaigre et ce, de par le fait qu\u2019il y a aussi pr\u00e9sence de bact\u00e9ries dans le vinaigre. La m\u00e8re de vinaigre est en fait de la cellulose (un hydrate de carbone naturel qui se trouve dans les fibres d\u2019aliments tels que dans le c\u00e9leri ou la laitue) produite par les bact\u00e9ries inoffensives du vinaigre. Aujourd&rsquo;hui, la plupart des fabricants pasteurisent leurs produits avant de les mettre en bouteille afin d&#8217;emp\u00eacher ces bact\u00e9ries de former de la \u00ab m\u00e8re de vinaigre \u00bb lorsqu&rsquo;ils se trouvent sur les tablettes des magasins. La m\u00e8re de vinaigre peut \u00eatre \u00e9limin\u00e9e en la filtrant, par exemple, \u00e0 l&rsquo;aide d&rsquo;un tamis.<\/p>\t\t\t\t\t\t\t\t<\/div>\n\t\t\t\t<\/div>\n\t\t\t\t\t<\/div>\n\t\t\t\t<\/div>\n\t\t\t\t<\/div>\n\t\t\t\t<\/div>\n\t\t\t\t<\/div>\n\t\t","protected":false},"excerpt":{"rendered":"<p>La polyvalence du vinaigre Le vinaigre est unique. Avec tous ses effets b\u00e9n\u00e9fiques pour la sant\u00e9, il est utilis\u00e9 et appr\u00e9ci\u00e9 depuis les plus anciens temps. Le vinaigre est une substance complexe qui regorge de saveurs et d&rsquo;ar\u00f4mes subtils et qui contient un assortiment de&#8230;<\/p>\n","protected":false},"author":1,"featured_media":0,"parent":0,"menu_order":0,"comment_status":"closed","ping_status":"closed","template":"elementor_header_footer","meta":{"footnotes":""},"class_list":["post-2173","page","type-page","status-publish","hentry"],"_links":{"self":[{"href":"https:\/\/reinhartfoods.com\/fr\/wp-json\/wp\/v2\/pages\/2173","targetHints":{"allow":["GET"]}}],"collection":[{"href":"https:\/\/reinhartfoods.com\/fr\/wp-json\/wp\/v2\/pages"}],"about":[{"href":"https:\/\/reinhartfoods.com\/fr\/wp-json\/wp\/v2\/types\/page"}],"author":[{"embeddable":true,"href":"https:\/\/reinhartfoods.com\/fr\/wp-json\/wp\/v2\/users\/1"}],"replies":[{"embeddable":true,"href":"https:\/\/reinhartfoods.com\/fr\/wp-json\/wp\/v2\/comments?post=2173"}],"version-history":[{"count":334,"href":"https:\/\/reinhartfoods.com\/fr\/wp-json\/wp\/v2\/pages\/2173\/revisions"}],"predecessor-version":[{"id":6731,"href":"https:\/\/reinhartfoods.com\/fr\/wp-json\/wp\/v2\/pages\/2173\/revisions\/6731"}],"wp:attachment":[{"href":"https:\/\/reinhartfoods.com\/fr\/wp-json\/wp\/v2\/media?parent=2173"}],"curies":[{"name":"wp","href":"https:\/\/api.w.org\/{rel}","templated":true}]}}