{"id":2195,"date":"2023-11-24T18:48:50","date_gmt":"2023-11-24T18:48:50","guid":{"rendered":"https:\/\/reinhartfoods.com\/?page_id=2195"},"modified":"2024-01-12T16:08:54","modified_gmt":"2024-01-12T16:08:54","slug":"quick-desserts-and-baking-ideas","status":"publish","type":"page","link":"https:\/\/reinhartfoods.com\/fr\/quick-desserts-and-baking-ideas\/","title":{"rendered":"#2 #2 #2 #2"},"content":{"rendered":"\t\t<div data-elementor-type=\"wp-page\" data-elementor-id=\"2195\" class=\"elementor elementor-2195\" data-elementor-post-type=\"page\">\n\t\t\t\t<div class=\"elementor-element elementor-element-18b8327 elementor-hidden-desktop e-flex e-con-boxed parallax_section_no qode_elementor_container_no e-con e-parent\" data-id=\"18b8327\" data-element_type=\"container\">\n\t\t\t\t\t<div class=\"e-con-inner\">\n\t\t\t\t<div class=\"elementor-element elementor-element-d746d4d pageh1 elementor-widget__width-initial elementor-widget elementor-widget-heading\" data-id=\"d746d4d\" data-element_type=\"widget\" data-widget_type=\"heading.default\">\n\t\t\t\t<div class=\"elementor-widget-container\">\n\t\t\t\t\t<h1 class=\"elementor-heading-title elementor-size-default\">Id\u00e9es de cuisson et de desserts rapides<\/h1>\t\t\t\t<\/div>\n\t\t\t\t<\/div>\n\t\t\t\t\t<\/div>\n\t\t\t\t<\/div>\n\t\t<div class=\"elementor-element elementor-element-52626f7 e-con-full e-flex parallax_section_no qode_elementor_container_no e-con e-parent\" data-id=\"52626f7\" data-element_type=\"container\">\n\t\t<div class=\"elementor-element elementor-element-af894a0 e-con-full e-flex parallax_section_no qode_elementor_container_no e-con e-child\" data-id=\"af894a0\" data-element_type=\"container\">\n\t\t\t\t<div class=\"elementor-element elementor-element-0416fdd pageh1 elementor-widget__width-initial elementor-hidden-tablet elementor-hidden-mobile elementor-widget elementor-widget-heading\" data-id=\"0416fdd\" data-element_type=\"widget\" data-widget_type=\"heading.default\">\n\t\t\t\t<div class=\"elementor-widget-container\">\n\t\t\t\t\t<h1 class=\"elementor-heading-title elementor-size-default\">Id\u00e9es de cuisson et de desserts rapides<\/h1>\t\t\t\t<\/div>\n\t\t\t\t<\/div>\n\t\t<div class=\"elementor-element elementor-element-6410372 redbar e-flex e-con-boxed parallax_section_no qode_elementor_container_no e-con e-child\" data-id=\"6410372\" data-element_type=\"container\">\n\t\t\t\t\t<div class=\"e-con-inner\">\n\t\t\t\t<div class=\"elementor-element elementor-element-1ea5610 elementor-widget elementor-widget-text-editor\" data-id=\"1ea5610\" data-element_type=\"widget\" data-widget_type=\"text-editor.default\">\n\t\t\t\t<div class=\"elementor-widget-container\">\n\t\t\t\t\t\t\t\t\t<div class=\"vl\"><\/div>\t\t\t\t\t\t\t\t<\/div>\n\t\t\t\t<\/div>\n\t\t\t\t<div class=\"elementor-element elementor-element-55f1f53 redbar elementor-widget elementor-widget-text-editor\" data-id=\"55f1f53\" data-element_type=\"widget\" data-widget_type=\"text-editor.default\">\n\t\t\t\t<div class=\"elementor-widget-container\">\n\t\t\t\t\t\t\t\t\t\n<p class=\"redball\">Ajoutez des cerises glac\u00e9es hach\u00e9es \u00e0 votre p\u00e2te \u00e0 brownies, \u00e0 votre p\u00e2te de sabl\u00e9s ou \u00e0 votre p\u00e2te de biscuits au sucre avant la cuisson.<\/p>\n<p class=\"redball\">Ajoutez des cerises glac\u00e9es hach\u00e9es \u00e0 un g\u00e2teau aux anges ou \u00e0 un g\u00e2teau au citron. Arrosez d&rsquo;un gla\u00e7age de sucre \u00e0 glacer et de lait et d\u00e9corez avec des moiti\u00e9s de cerises glac\u00e9es.<\/p>\n<p class=\"redball\">Incorporez des cerises glac\u00e9es ou des pelures coup\u00e9es m\u00e9lang\u00e9es \u00e0 de la cr\u00e8me glac\u00e9e \u00e0 la vanille ou du yogourt glac\u00e9. Recongeler jusqu&rsquo;au moment de servir, ou verser \u00e0 la cuill\u00e8re dans une p\u00e2te \u00e0 tarte pr\u00e9par\u00e9e \u00e0 base de biscuits Graham ou de gaufrettes au chocolat et congeler jusqu&rsquo;\u00e0 ce qu&rsquo;elle soit ferme.<\/p>\n<p class=\"redball\">Incorporez des cerises glac\u00e9es hach\u00e9es ou des pelures coup\u00e9es m\u00e9lang\u00e9es \u00e0 un m\u00e9lange de boules de rhum sans cuisson.<\/p>\n<p class=\"redball\">Incorporez des cerises glac\u00e9es hach\u00e9es ou des pelures coup\u00e9es m\u00e9lang\u00e9es \u00e0 un m\u00e9lange de pouding et \nr\u00e9frig\u00e9rez jusqu&rsquo;\u00e0 ce que le m\u00e9lange prenne.<\/p>\n<p class=\"redball\">Ajoutez des cerises glac\u00e9es hach\u00e9es ou des pelures coup\u00e9es m\u00e9lang\u00e9es dans les carr\u00e9s de riz croustillants.<\/p>\n<p class=\"redball\">Ajoutez des cerises glac\u00e9es hach\u00e9es ou des pelures coup\u00e9es m\u00e9lang\u00e9es \u00e0 votre recette de tarte au beurre pr\u00e9f\u00e9r\u00e9e.<\/p>\n\t\t\t\t\t\t\t\t<\/div>\n\t\t\t\t<\/div>\n\t\t\t\t<div class=\"elementor-element elementor-element-846db2f pageh1 elementor-widget__width-initial elementor-widget elementor-widget-heading\" data-id=\"846db2f\" data-element_type=\"widget\" data-widget_type=\"heading.default\">\n\t\t\t\t<div class=\"elementor-widget-container\">\n\t\t\t\t\t<h1 class=\"elementor-heading-title elementor-size-default\">Pour ajouter une touche festive<\/h1>\t\t\t\t<\/div>\n\t\t\t\t<\/div>\n\t\t\t\t<div class=\"elementor-element elementor-element-f790c5b redbar elementor-widget elementor-widget-text-editor\" data-id=\"f790c5b\" data-element_type=\"widget\" data-widget_type=\"text-editor.default\">\n\t\t\t\t<div class=\"elementor-widget-container\">\n\t\t\t\t\t\t\t\t\t<p class=\"redball\">Les cerises glac\u00e9es color\u00e9es et les pelures coup\u00e9es m\u00e9lang\u00e9es ajoutent une touche festive aux p\u00e2tisseries du temps des f\u00eates.\n<\/p>\t\t\t\t\t\t\t\t<\/div>\n\t\t\t\t<\/div>\n\t\t\t\t\t<\/div>\n\t\t\t\t<\/div>\n\t\t\t\t<\/div>\n\t\t<div class=\"elementor-element elementor-element-a390b62 e-con-full e-flex parallax_section_no qode_elementor_container_no e-con e-child\" data-id=\"a390b62\" data-element_type=\"container\">\n\t\t\t\t<div class=\"elementor-element elementor-element-769e976 elementor-widget elementor-widget-image\" data-id=\"769e976\" data-element_type=\"widget\" data-widget_type=\"image.default\">\n\t\t\t\t<div class=\"elementor-widget-container\">\n\t\t\t\t\t\t\t\t\t\t\t\t\t\t\t<img fetchpriority=\"high\" decoding=\"async\" width=\"721\" height=\"648\" src=\"https:\/\/reinhartfoods.com\/wp-content\/uploads\/2023\/12\/quick-desserts.jpg\" class=\"attachment-large size-large wp-image-3753\" alt=\"\" srcset=\"https:\/\/reinhartfoods.com\/wp-content\/uploads\/2023\/12\/quick-desserts.jpg 721w, https:\/\/reinhartfoods.com\/wp-content\/uploads\/2023\/12\/quick-desserts-300x270.jpg 300w, https:\/\/reinhartfoods.com\/wp-content\/uploads\/2023\/12\/quick-desserts-150x135.jpg 150w, https:\/\/reinhartfoods.com\/wp-content\/uploads\/2023\/12\/quick-desserts-700x629.jpg 700w\" sizes=\"(max-width: 721px) 100vw, 721px\" \/>\t\t\t\t\t\t\t\t\t\t\t\t\t\t\t<\/div>\n\t\t\t\t<\/div>\n\t\t\t\t<\/div>\n\t\t\t\t<\/div>\n\t\t\t\t<\/div>\n\t\t","protected":false},"excerpt":{"rendered":"<p>Id\u00e9es de cuisson et de desserts rapides Id\u00e9es de cuisson et de desserts rapides Ajoutez des cerises glac\u00e9es hach\u00e9es \u00e0 votre p\u00e2te \u00e0 brownies, \u00e0 votre p\u00e2te de sabl\u00e9s ou \u00e0 votre p\u00e2te de biscuits au sucre avant la cuisson. Ajoutez des cerises glac\u00e9es hach\u00e9es&#8230;<\/p>\n","protected":false},"author":1,"featured_media":0,"parent":0,"menu_order":0,"comment_status":"closed","ping_status":"closed","template":"elementor_header_footer","meta":{"content-type":"","om_disable_all_campaigns":false,"footnotes":""},"class_list":["post-2195","page","type-page","status-publish","hentry"],"_links":{"self":[{"href":"https:\/\/reinhartfoods.com\/fr\/wp-json\/wp\/v2\/pages\/2195","targetHints":{"allow":["GET"]}}],"collection":[{"href":"https:\/\/reinhartfoods.com\/fr\/wp-json\/wp\/v2\/pages"}],"about":[{"href":"https:\/\/reinhartfoods.com\/fr\/wp-json\/wp\/v2\/types\/page"}],"author":[{"embeddable":true,"href":"https:\/\/reinhartfoods.com\/fr\/wp-json\/wp\/v2\/users\/1"}],"replies":[{"embeddable":true,"href":"https:\/\/reinhartfoods.com\/fr\/wp-json\/wp\/v2\/comments?post=2195"}],"version-history":[{"count":127,"href":"https:\/\/reinhartfoods.com\/fr\/wp-json\/wp\/v2\/pages\/2195\/revisions"}],"predecessor-version":[{"id":6728,"href":"https:\/\/reinhartfoods.com\/fr\/wp-json\/wp\/v2\/pages\/2195\/revisions\/6728"}],"wp:attachment":[{"href":"https:\/\/reinhartfoods.com\/fr\/wp-json\/wp\/v2\/media?parent=2195"}],"curies":[{"name":"wp","href":"https:\/\/api.w.org\/{rel}","templated":true}]}}