{"id":2205,"date":"2023-11-24T18:57:27","date_gmt":"2023-11-24T18:57:27","guid":{"rendered":"https:\/\/reinhartfoods.com\/?page_id=2205"},"modified":"2025-05-13T21:08:41","modified_gmt":"2025-05-13T21:08:41","slug":"bulk-vinegars","status":"publish","type":"page","link":"https:\/\/reinhartfoods.com\/fr\/bulk-vinegars\/","title":{"rendered":"Vinaigres en vrac"},"content":{"rendered":"\t\t<div data-elementor-type=\"wp-page\" data-elementor-id=\"2205\" class=\"elementor elementor-2205\" data-elementor-post-type=\"page\">\n\t\t\t\t<div class=\"elementor-element elementor-element-c6954b5 elementor-hidden-desktop e-flex e-con-boxed parallax_section_no qode_elementor_container_no e-con e-parent\" data-id=\"c6954b5\" data-element_type=\"container\">\n\t\t\t\t\t<div class=\"e-con-inner\">\n\t\t\t\t<div class=\"elementor-element elementor-element-b5f8184 pageh1 elementor-widget elementor-widget-heading\" data-id=\"b5f8184\" data-element_type=\"widget\" data-widget_type=\"heading.default\">\n\t\t\t\t<div class=\"elementor-widget-container\">\n\t\t\t\t\t<h1 class=\"elementor-heading-title elementor-size-default\">Vinaigres en vrac<\/h1>\t\t\t\t<\/div>\n\t\t\t\t<\/div>\n\t\t\t\t\t<\/div>\n\t\t\t\t<\/div>\n\t\t<div class=\"elementor-element elementor-element-52626f7 e-con-full e-flex parallax_section_no qode_elementor_container_no e-con e-parent\" data-id=\"52626f7\" data-element_type=\"container\">\n\t\t<div class=\"elementor-element elementor-element-af894a0 e-con-full e-flex parallax_section_no qode_elementor_container_no e-con e-child\" data-id=\"af894a0\" data-element_type=\"container\">\n\t\t\t\t<div class=\"elementor-element elementor-element-543f1e5 elementor-widget elementor-widget-image\" data-id=\"543f1e5\" data-element_type=\"widget\" data-widget_type=\"image.default\">\n\t\t\t\t<div class=\"elementor-widget-container\">\n\t\t\t\t\t\t\t\t\t\t\t\t\t\t\t<img fetchpriority=\"high\" decoding=\"async\" width=\"720\" height=\"648\" src=\"https:\/\/reinhartfoods.com\/wp-content\/uploads\/2023\/11\/bulk-vinegars.jpg\" class=\"attachment-large size-large wp-image-2207\" alt=\"\" srcset=\"https:\/\/reinhartfoods.com\/wp-content\/uploads\/2023\/11\/bulk-vinegars.jpg 720w, https:\/\/reinhartfoods.com\/wp-content\/uploads\/2023\/11\/bulk-vinegars-300x270.jpg 300w, https:\/\/reinhartfoods.com\/wp-content\/uploads\/2023\/11\/bulk-vinegars-150x135.jpg 150w, https:\/\/reinhartfoods.com\/wp-content\/uploads\/2023\/11\/bulk-vinegars-700x630.jpg 700w\" sizes=\"(max-width: 720px) 100vw, 720px\" \/>\t\t\t\t\t\t\t\t\t\t\t\t\t\t\t<\/div>\n\t\t\t\t<\/div>\n\t\t\t\t<\/div>\n\t\t<div class=\"elementor-element elementor-element-a390b62 e-con-full e-flex parallax_section_no qode_elementor_container_no e-con e-child\" data-id=\"a390b62\" data-element_type=\"container\">\n\t\t\t\t<div class=\"elementor-element elementor-element-0416fdd pageh1 elementor-hidden-tablet elementor-hidden-mobile elementor-widget elementor-widget-heading\" data-id=\"0416fdd\" data-element_type=\"widget\" data-widget_type=\"heading.default\">\n\t\t\t\t<div class=\"elementor-widget-container\">\n\t\t\t\t\t<h1 class=\"elementor-heading-title elementor-size-default\">Vinaigres en vrac<\/h1>\t\t\t\t<\/div>\n\t\t\t\t<\/div>\n\t\t\t\t<div class=\"elementor-element elementor-element-da5bf89 elementor-widget elementor-widget-text-editor\" data-id=\"da5bf89\" data-element_type=\"widget\" data-widget_type=\"text-editor.default\">\n\t\t\t\t<div class=\"elementor-widget-container\">\n\t\t\t\t\t\t\t\t\t\n\n<p><strong>Nous proposons une large s\u00e9lection de vinaigre sous une vari\u00e9t\u00e9 de format disponibles qui peuvent \u00eatre retournable et\/ou non-retournable (barils, totes et camions-citernes).<\/strong><\/p>\n\n\t\t\t\t\t\t\t\t<\/div>\n\t\t\t\t<\/div>\n\t\t<div class=\"elementor-element elementor-element-6410372 redbar e-flex e-con-boxed parallax_section_no qode_elementor_container_no e-con e-child\" data-id=\"6410372\" data-element_type=\"container\">\n\t\t\t\t\t<div class=\"e-con-inner\">\n\t\t\t\t<div class=\"elementor-element elementor-element-1ea5610 elementor-widget elementor-widget-text-editor\" data-id=\"1ea5610\" data-element_type=\"widget\" data-widget_type=\"text-editor.default\">\n\t\t\t\t<div class=\"elementor-widget-container\">\n\t\t\t\t\t\t\t\t\t<div class=\"vl\"><\/div>\t\t\t\t\t\t\t\t<\/div>\n\t\t\t\t<\/div>\n\t\t\t\t<div class=\"elementor-element elementor-element-55f1f53 redbar elementor-widget elementor-widget-text-editor\" data-id=\"55f1f53\" data-element_type=\"widget\" data-widget_type=\"text-editor.default\">\n\t\t\t\t<div class=\"elementor-widget-container\">\n\t\t\t\t\t\t\t\t\t<p class=\"redball\">Vinaigre blanc 12 \u00e0 20 %<\/p>\n<p class=\"redball\">Vinaigre blanc biologique<\/p>\n<p class=\"redball\">Vinaigre de cidre de pomme<\/p>\n<p class=\"redball\">Vinaigre de cidre de pomme biologique<\/p>\n<p class=\"redball\">Vinaigre de malt<\/p>\n<p class=\"redball\">Vinaigre de vin rouge<\/p>\n<p class=\"redball\">Vinaigre de vin blanc<\/p>\n<p class=\"redball\">Vinaigre balsamique<\/p>\n<p class=\"redball\">Vinaigre balsamique blanc<\/p>\n<p class=\"redball\">Vinaigre de riz<\/p>\t\t\t\t\t\t\t\t<\/div>\n\t\t\t\t<\/div>\n\t\t\t\t<div class=\"elementor-element elementor-element-c8a3918 redbar elementor-widget elementor-widget-text-editor\" data-id=\"c8a3918\" data-element_type=\"widget\" data-widget_type=\"text-editor.default\">\n\t\t\t\t<div class=\"elementor-widget-container\">\n\t\t\t\t\t\t\t\t\t<h1 class=\"pageh1\" style=\"margin-bottom: 0px;\">Formats<\/h1>\n\n<p class=\"redball\">Camions-citernes (propri\u00e9t\u00e9s et exploit\u00e9s par Reinhart)<\/p>\n<p class=\"redball\">Barils en plastique retournables<\/p>\n<p class=\"redball\">Totes en plastique retournables<\/p>\n<p class=\"redball\">Barils en plastique non retournables<\/p>\n<p class=\"redball\">Totes en fibre de carton non retournables<\/p>\n\t\t\t\t\t\t\t\t<\/div>\n\t\t\t\t<\/div>\n\t\t\t\t\t<\/div>\n\t\t\t\t<\/div>\n\t\t\t\t<\/div>\n\t\t\t\t<\/div>\n\t\t\t\t<\/div>\n\t\t","protected":false},"excerpt":{"rendered":"<p>Vinaigres en vrac Vinaigres en vrac Nous proposons une large s\u00e9lection de vinaigre sous une vari\u00e9t\u00e9 de format disponibles qui peuvent \u00eatre retournable et\/ou non-retournable (barils, totes et camions-citernes). Vinaigre blanc 12 \u00e0 20 % Vinaigre blanc biologique Vinaigre de cidre de pomme Vinaigre de&#8230;<\/p>\n","protected":false},"author":1,"featured_media":0,"parent":0,"menu_order":0,"comment_status":"closed","ping_status":"closed","template":"elementor_header_footer","meta":{"footnotes":""},"class_list":["post-2205","page","type-page","status-publish","hentry"],"_links":{"self":[{"href":"https:\/\/reinhartfoods.com\/fr\/wp-json\/wp\/v2\/pages\/2205","targetHints":{"allow":["GET"]}}],"collection":[{"href":"https:\/\/reinhartfoods.com\/fr\/wp-json\/wp\/v2\/pages"}],"about":[{"href":"https:\/\/reinhartfoods.com\/fr\/wp-json\/wp\/v2\/types\/page"}],"author":[{"embeddable":true,"href":"https:\/\/reinhartfoods.com\/fr\/wp-json\/wp\/v2\/users\/1"}],"replies":[{"embeddable":true,"href":"https:\/\/reinhartfoods.com\/fr\/wp-json\/wp\/v2\/comments?post=2205"}],"version-history":[{"count":158,"href":"https:\/\/reinhartfoods.com\/fr\/wp-json\/wp\/v2\/pages\/2205\/revisions"}],"predecessor-version":[{"id":7269,"href":"https:\/\/reinhartfoods.com\/fr\/wp-json\/wp\/v2\/pages\/2205\/revisions\/7269"}],"wp:attachment":[{"href":"https:\/\/reinhartfoods.com\/fr\/wp-json\/wp\/v2\/media?parent=2205"}],"curies":[{"name":"wp","href":"https:\/\/api.w.org\/{rel}","templated":true}]}}